{"id":2332,"date":"2025-09-26T12:45:22","date_gmt":"2025-09-26T10:45:22","guid":{"rendered":"https:\/\/administraciondefincasatico.com\/?page_id=2332"},"modified":"2025-10-26T01:03:18","modified_gmt":"2025-10-25T23:03:18","slug":"administrador-de-fincas-colegiado-2","status":"publish","type":"page","link":"https:\/\/aticoadf.es\/index.php\/administrador-de-fincas-colegiado-2\/","title":{"rendered":"Colegiado"},"content":{"rendered":"\n<h1 class=\"wp-block-heading has-text-align-center has-link-color wp-elements-0674695065af8a887311cddaec44583c\">Colegiado <a href=\"https:\/\/coafmu.org\/\" target=\"_blank\" rel=\"noreferrer noopener\">COAFMU<\/a><\/h1>\n\n\n\n<div class=\"wp-block-group has-tertiary-background-color has-background has-global-padding is-layout-constrained wp-block-group-is-layout-constrained\" style=\"padding-top:var(--wp--preset--spacing--30);padding-bottom:var(--wp--preset--spacing--30)\">\n<div class=\"wp-block-uagb-team uagb-team__image-position-above uagb-team__align-center uagb-team__stack-tablet uagb-block-9a6f1038\"><div class=\"uagb-team__content\"><img decoding=\"async\" class=\"uagb-team__image-crop-circle\" src=\"https:\/\/aticoadf.es\/wp-content\/uploads\/2025\/10\/FOTO-JFTG-FILTRO-LUZ-150x150.jpg\" alt=\"Jos\u00e9 Francisco Trapero Gil\" height=\"100\" width=\"100\" loading=\"lazy\"\/><h2 class=\"uagb-team__title\">Jos\u00e9 Francisco Trapero Gil<\/h2><span class=\"uagb-team__prefix\">Administrador de Fincas<\/span><p class=\"uagb-team__desc\">Graduado en Derecho y Administraci\u00f3n Inmobiliaria<br>Colegiado 1091 COAFMU<\/p><ul class=\"uagb-team__social-list\"><li class=\"uagb-team__social-icon\"><a href=\"#https:\/\/www.linkedin.com\/in\/jftraperogil\/\" aria-label=\"linkedin-in\" target=\"_self\" title=\"\" rel=\"noopener noreferrer\"><svg xmlns=\"https:\/\/www.w3.org\/2000\/svg\" viewBox=\"0 0 448 512\"><path d=\"M100.3 448H7.4V148.9h92.88zM53.79 108.1C24.09 108.1 0 83.5 0 53.8a53.79 53.79 0 0 1 107.6 0c0 29.7-24.1 54.3-53.79 54.3zM447.9 448h-92.68V302.4c0-34.7-.7-79.2-48.29-79.2-48.29 0-55.69 37.7-55.69 76.7V448h-92.78V148.9h89.08v40.8h1.3c12.4-23.5 42.69-48.3 87.88-48.3 94 0 111.3 61.9 111.3 142.3V448z\"><\/path><\/svg><\/a><\/li><li class=\"uagb-team__social-icon\"><a href=\"#https:\/\/www.facebook.com\/josefcotraperogil?locale=es_ES\" aria-label=\"facebook\" target=\"_self\" title=\"\" rel=\"noopener noreferrer\"><svg xmlns=\"https:\/\/www.w3.org\/2000\/svg\" viewBox=\"0 0 512 512\"><path d=\"M504 256C504 119 393 8 256 8S8 119 8 256c0 123.8 90.69 226.4 209.3 245V327.7h-63V256h63v-54.64c0-62.15 37-96.48 93.67-96.48 27.14 0 55.52 4.84 55.52 4.84v61h-31.28c-30.8 0-40.41 19.12-40.41 38.73V256h68.78l-11 71.69h-57.78V501C413.3 482.4 504 379.8 504 256z\"><\/path><\/svg><\/a><\/li><\/ul><\/div><\/div>\n<\/div>\n\n\n\n<div class=\"wp-block-group has-global-padding is-layout-constrained wp-block-group-is-layout-constrained\">\n<h2 class=\"wp-block-heading has-text-align-center\">La formaci\u00f3n de un Administrador de Fincas Colegiado, sin\u00f3nimo de experiencia y compromiso.<\/h2>\n\n\n\n<div style=\"height:15px\" aria-hidden=\"true\" class=\"wp-block-spacer\"><\/div>\n\n\n\n<p>En <strong><mark style=\"background-color:rgba(0, 0, 0, 0);color:#c21111\" class=\"has-inline-color\">\u00c1tico Administraci\u00f3n de Fincas<\/mark><\/strong> creemos en la comunicaci\u00f3n abierta y fluida con nuestros clientes. Mantenemos una comunicaci\u00f3n constante y transparente, informando sobre cualquier asunto relevante y respondiendo a sus preguntas de manera oportuna.<\/p>\n\n\n\n<div style=\"height:0px\" aria-hidden=\"true\" class=\"wp-block-spacer\"><\/div>\n\n\n\n<p>Si busca un servicio de administraci\u00f3n de fincas profesional, transparente y comprometido en Murcia, no dude en contactarnos, estaremos encantados de atenderle y ofrecerle la soluci\u00f3n que mejor se adapte a sus necesidades.<\/p>\n<\/div>\n\n\n\n<div class=\"wp-block-group has-global-padding is-layout-constrained wp-block-group-is-layout-constrained\">\n<h2 class=\"wp-block-heading alignfull has-text-align-center\" style=\"padding-top:var(--wp--preset--spacing--30);padding-right:var(--wp--preset--spacing--30);padding-bottom:var(--wp--preset--spacing--30);padding-left:var(--wp--preset--spacing--30)\">\u00bfPor qu\u00e9 elegir un Administrador de Fincas Colegiado?<\/h2>\n\n\n\n<p>En primer lugar, es importante destacar por qu\u00e9 elegir un Administrador de Fincas Colegiado es fundamental. <\/p>\n\n\n\n<p>Asimismo, ofrece una garant\u00eda de profesionalidad, ya que se beneficia de formaci\u00f3n continua y actualizaci\u00f3n constante en legislaci\u00f3n y gesti\u00f3n de comunidades. <\/p>\n\n\n\n<p>Por otro lado, proporciona seguridad jur\u00eddica mediante el cumplimiento normativo y asesoramiento legal en todas las gestiones. <\/p>\n\n\n\n<p>Como resultado, esto asegura una intermediaci\u00f3n efectiva y resoluci\u00f3n de conflictos entre vecinos, gestionando eficientemente cualquier incidencia que pueda surgir. <\/p>\n\n\n\n<p>Finalmente, al contar con un enfoque centrado en la optimizaci\u00f3n de recursos, logramos negociar con proveedores para obtener el mejor servicio al mejor precio.<\/p>\n<\/div>\n\n\n\n<div class=\"wp-block-group has-global-padding is-layout-constrained wp-block-group-is-layout-constrained\">\n<h2 class=\"wp-block-heading has-text-align-center\">\u00bf C\u00f3mo colegiarse?<\/h2>\n\n\n\n<h3 class=\"wp-block-heading has-text-align-center\">T\u00edtulos que permiten el acceso directo a la colegiaci\u00f3n<\/h3>\n\n\n\n<div style=\"height:15px\" aria-hidden=\"true\" class=\"wp-block-spacer\"><\/div>\n\n\n\n<p class=\"has-link-color wp-elements-01b1948ec111fe9dfda6b566294fdc58\">El acceso directo a la colegiaci\u00f3n como Administrador de Fincas est\u00e1 regulado en el <a href=\"https:\/\/www.boe.es\/buscar\/doc.php?id=BOE-A-1968-467\" target=\"_blank\" rel=\"noreferrer noopener\">Decreto 693\/68, B.O.E. n\u00ba 86, de 9 de abril de 1968 <\/a>y en los Estatutos del Colegio.<\/p>\n\n\n\n<p class=\"has-text-align-left\">De entre todos los t\u00edtulos con acceso directo, actualmente, destacar\u00eda por la conexi\u00f3n con la profesi\u00f3n los estudios relacionados con el \u00e1mbito jur\u00eddico y los t\u00e9cnicos:<\/p>\n\n\n\n<ul class=\"wp-block-list\">\n<li>Licenciados en Derecho\/ Graduados en Derecho.<\/li>\n\n\n\n<li>Arquitectos\/ Arquitectos T\u00e9cnicos.<\/li>\n\n\n\n<li>Licenciados en Administraci\u00f3n y Direcci\u00f3n de Empresas\/ Graduados en Administraci\u00f3n y Direcci\u00f3n de Empresas.<\/li>\n\n\n\n<li>Ingenieros de la Edificaci\u00f3n\/ Telecomunicaciones\/ Electricistas.<\/li>\n<\/ul>\n<\/div>\n\n\n\n<div class=\"wp-block-group has-global-padding is-layout-constrained wp-block-group-is-layout-constrained\">\n<h3 class=\"wp-block-heading has-text-align-center\">Estudios homologados por el CGAFE.<\/h3>\n\n\n\n<div style=\"height:15px\" aria-hidden=\"true\" class=\"wp-block-spacer\"><\/div>\n\n\n\n<p>Tambi\u00e9n se tiene acceso a la colegiaci\u00f3n al estar en posesi\u00f3n de titulaci\u00f3n de Universidades que imparten t\u00edtulos homologados de estudios inmobiliarios aprobados en el plan de estudios de la Escuela Oficial de Administradores de Fincas que se imparten en varias Universidades espa\u00f1olas, con un m\u00ednimo de 180 cr\u00e9ditos y que se desarrolla en tres a\u00f1os.<\/p>\n\n\n\n<div class=\"wp-block-columns are-vertically-aligned-center is-layout-flex wp-container-core-columns-is-layout-28f84493 wp-block-columns-is-layout-flex\">\n<div class=\"wp-block-column is-vertically-aligned-center is-layout-flow wp-block-column-is-layout-flow\" style=\"flex-basis:33.33%\">\n<div class=\"wp-block-uagb-image alignleft uagb-block-58b470d1 wp-block-uagb-image--layout-default wp-block-uagb-image--effect-zoomin wp-block-uagb-image--align-left\"><figure class=\"wp-block-uagb-image__figure\"><a class=\"\" href=\"https:\/\/www.ubu.es\/grado-propio-en-administracion-inmobiliaria-online\" target=\"_blank\" rel=\"noreferrer noopener\"><img decoding=\"async\"  sizes=\"auto, (max-width: 480px) 150px\" src=\"https:\/\/www.ubu.es\/sites\/default\/files\/2025-04\/UBU_logo_0_5.svg\" alt=\"\" width=\"200\" height=\"143\" title=\"\" loading=\"lazy\" role=\"img\"\/><\/a><\/figure><\/div>\n<\/div>\n\n\n\n<div class=\"wp-block-column is-vertically-aligned-center is-layout-flow wp-block-column-is-layout-flow\" style=\"flex-basis:66.66%\">\n<p class=\"has-link-color wp-elements-871be5214ea8c26e51db946ec8c712f8\"><a href=\"https:\/\/www.ubu.es\/grado-propio-en-administracion-inmobiliaria-online\" target=\"_blank\" rel=\"noreferrer noopener\">Grado Propio en Administraci\u00f3n Inmobiliaria<\/a><\/p>\n<\/div>\n<\/div>\n\n\n\n<div class=\"wp-block-columns are-vertically-aligned-center is-layout-flex wp-container-core-columns-is-layout-28f84493 wp-block-columns-is-layout-flex\">\n<div class=\"wp-block-column is-vertically-aligned-center is-layout-flow wp-block-column-is-layout-flow\" style=\"flex-basis:33.33%\">\n<div class=\"wp-block-uagb-image alignleft uagb-block-2c696623 wp-block-uagb-image--layout-default wp-block-uagb-image--effect-zoomin wp-block-uagb-image--align-left\"><figure class=\"wp-block-uagb-image__figure\"><a class=\"\" href=\"https:\/\/estudiosinmobiliarios.uma.es\/\" target=\"_blank\" rel=\"noreferrer noopener\"><img decoding=\"async\"  sizes=\"auto, (max-width: 480px) 150px\" src=\"https:\/\/estudiosinmobiliarios.uma.es\/wp-content\/uploads\/2024\/04\/2-1-e1714473343580.png\" alt=\"\" width=\"400\" height=\"97\" title=\"\" loading=\"lazy\" role=\"img\"\/><\/a><\/figure><\/div>\n<\/div>\n\n\n\n<div class=\"wp-block-column is-vertically-aligned-center is-layout-flow wp-block-column-is-layout-flow\" style=\"flex-basis:66.66%\">\n<p class=\"has-link-color wp-elements-1ddf7c4d8a210b5da85d3b5c8d09f681\"><a href=\"https:\/\/estudiosinmobiliarios.uma.es\/\" target=\"_blank\" rel=\"noreferrer noopener\">Estudios Inmobiliarios<\/a><\/p>\n<\/div>\n<\/div>\n\n\n\n<div class=\"wp-block-columns are-vertically-aligned-center is-layout-flex wp-container-core-columns-is-layout-28f84493 wp-block-columns-is-layout-flex\">\n<div class=\"wp-block-column is-vertically-aligned-center is-layout-flow wp-block-column-is-layout-flow\" style=\"flex-basis:33.33%\">\n<div class=\"wp-block-uagb-image alignleft uagb-block-11c64ffe wp-block-uagb-image--layout-default wp-block-uagb-image--effect-zoomin wp-block-uagb-image--align-left\"><figure class=\"wp-block-uagb-image__figure\"><img decoding=\"async\"  sizes=\"auto, (max-width: 480px) 150px\" src=\"https:\/\/formacionafincas-alcala.es\/wp-content\/uploads\/2020\/12\/logo1.png_105938625.png\" alt=\"\" width=\"200\" height=\"64\" title=\"\" loading=\"lazy\" role=\"img\"\/><\/figure><\/div>\n<\/div>\n\n\n\n<div class=\"wp-block-column is-vertically-aligned-center is-layout-flow wp-block-column-is-layout-flow\" style=\"flex-basis:66.66%\">\n<p class=\"has-link-color wp-elements-1c8279a77d93cc64b026ed1182bb12f9\"><a href=\"https:\/\/posgrado.uah.es\/es\/oferta\/Diploma-de-Formacion-Superior-en-Administracion-de-Fincas\/\" target=\"_blank\" rel=\"noreferrer noopener\">Formaci\u00f3n Superior en Administraci\u00f3n de Fincas<\/a><\/p>\n<\/div>\n<\/div>\n\n\n\n<div class=\"wp-block-columns are-vertically-aligned-center is-layout-flex wp-container-core-columns-is-layout-28f84493 wp-block-columns-is-layout-flex\">\n<div class=\"wp-block-column is-vertically-aligned-center is-layout-flow wp-block-column-is-layout-flow\" style=\"flex-basis:33.33%\">\n<div class=\"wp-block-uagb-image uagb-block-6a678812 wp-block-uagb-image--layout-default wp-block-uagb-image--effect-zoomin wp-block-uagb-image--align-none\"><figure class=\"wp-block-uagb-image__figure\"><a class=\"\" href=\"https:\/\/www.cfp.upv.es\/formacion-permanente\/\" target=\"_blank\" rel=\"noreferrer noopener\"><img decoding=\"async\"  sizes=\"auto, (max-width: 480px) 150px\" src=\"https:\/\/www.cfp.upv.es\/formacion-permanente\/static\/images\/header-footer\/upv+cfp3.png\" alt=\"\" width=\"835\" height=\"154\" title=\"\" loading=\"lazy\" role=\"img\"\/><\/a><\/figure><\/div>\n<\/div>\n\n\n\n<div class=\"wp-block-column is-vertically-aligned-center is-layout-flow wp-block-column-is-layout-flow\" style=\"flex-basis:66.66%\">\n<p class=\"has-link-color wp-elements-a6938e7035cb936dd35e1d8371877be9\"><a href=\"https:\/\/poseidon.cfp.upv.es\/cfp-goa\/alfrescofi\/download-file\/cursos\/cursos101k\/curso101475\/publicINFORMACI%C3%93N%20DEUEI.pdf?nodeRef=c0e31ffb-7cf1-491b-8975-c595270bf252&amp;secSig=fd60faed4eb2de284229b8dee3689cbc785d6d3c836bb12d6bc26a51d805ec74\" target=\"_blank\" rel=\"noreferrer noopener\">Diploma de Extensi\u00f3n Universitaria en Estudios Inmobiliarios<\/a><\/p>\n<\/div>\n<\/div>\n<\/div>\n\n\n\n<div class=\"wp-block-group alignfull has-tertiary-background-color has-text-color has-background is-layout-flow wp-block-group-is-layout-flow\" style=\"color:#000000\">\n<div style=\"height:64px\" aria-hidden=\"true\" class=\"wp-block-spacer\"><\/div>\n\n\n\n<p class=\"has-text-align-center has-small-font-size\" style=\"line-height:.9\"><strong>Ponte en contacto<\/strong><\/p>\n\n\n\n<h2 class=\"wp-block-heading has-text-align-center\" id=\"schedule-a-visit\" style=\"font-size:clamp(32.969px, 2.061rem + ((1vw - 3.2px) * 3.719), 59px);px;line-height:1.15\"><strong>Programa una visita<\/strong><\/h2>\n\n\n\n<div class=\"wp-block-buttons is-horizontal is-content-justification-center is-layout-flex wp-container-core-buttons-is-layout-03627597 wp-block-buttons-is-layout-flex\">\n<div class=\"wp-block-button has-custom-width wp-block-button__width-50\"><a class=\"wp-block-button__link has-vivid-red-background-color has-text-color has-background wp-element-button\" style=\"border-radius:50px;color:#ffffff\">Cont\u00e1ctanos<\/a><\/div>\n<\/div>\n\n\n\n<div style=\"height:64px\" aria-hidden=\"true\" class=\"wp-block-spacer\"><\/div>\n<\/div>\n","protected":false},"excerpt":{"rendered":"<p>Colegiado COAFMU La formaci\u00f3n de un Administrador de Fincas Colegiado, sin\u00f3nimo de experiencia y compromiso. En \u00c1tico Administraci\u00f3n de Fincas creemos en la comunicaci\u00f3n abierta y fluida con nuestros clientes. Mantenemos una comunicaci\u00f3n constante y transparente, informando sobre cualquier asunto relevante y respondiendo a sus preguntas de manera oportuna. Si busca un servicio de administraci\u00f3n [&hellip;]<\/p>\n","protected":false},"author":1,"featured_media":831,"parent":0,"menu_order":0,"comment_status":"closed","ping_status":"closed","template":"","meta":{"_uag_custom_page_level_css":"","footnotes":""},"class_list":["post-2332","page","type-page","status-publish","has-post-thumbnail","hentry"],"yoast_head":"<!-- This site is optimized with the Yoast SEO plugin v27.3 - https:\/\/yoast.com\/product\/yoast-seo-wordpress\/ -->\n<title>Colegiado<\/title>\n<meta name=\"robots\" content=\"index, follow, max-snippet:-1, max-image-preview:large, max-video-preview:-1\" \/>\n<link rel=\"canonical\" href=\"https:\/\/aticoadf.es\/index.php\/administrador-de-fincas-colegiado-2\/\" \/>\n<meta property=\"og:locale\" content=\"es_ES\" \/>\n<meta property=\"og:type\" content=\"article\" \/>\n<meta property=\"og:title\" content=\"Colegiado\" \/>\n<meta property=\"og:description\" content=\"Colegiado COAFMU La formaci\u00f3n de un Administrador de Fincas Colegiado, sin\u00f3nimo de experiencia y compromiso. En \u00c1tico Administraci\u00f3n de Fincas creemos en la comunicaci\u00f3n abierta y fluida con nuestros clientes. Mantenemos una comunicaci\u00f3n constante y transparente, informando sobre cualquier asunto relevante y respondiendo a sus preguntas de manera oportuna. Si busca un servicio de administraci\u00f3n [&hellip;]\" \/>\n<meta property=\"og:url\" content=\"https:\/\/aticoadf.es\/index.php\/administrador-de-fincas-colegiado-2\/\" \/>\n<meta property=\"og:site_name\" content=\"\u00c1tico administraci\u00f3n de fincas\" \/>\n<meta property=\"article:publisher\" content=\"https:\/\/www.facebook.com\/aticoadf\" \/>\n<meta property=\"article:modified_time\" content=\"2025-10-25T23:03:18+00:00\" \/>\n<meta property=\"og:image\" content=\"https:\/\/aticoadf.es\/wp-content\/uploads\/2024\/11\/imagen_logo_negativo.jpg\" \/>\n\t<meta property=\"og:image:width\" content=\"2352\" \/>\n\t<meta property=\"og:image:height\" content=\"1167\" \/>\n\t<meta property=\"og:image:type\" content=\"image\/jpeg\" \/>\n<meta name=\"twitter:card\" content=\"summary_large_image\" \/>\n<meta name=\"twitter:site\" content=\"@aticoadf1\" \/>\n<meta name=\"twitter:label1\" content=\"Tiempo de lectura\" \/>\n\t<meta name=\"twitter:data1\" content=\"3 minutos\" \/>\n<script type=\"application\/ld+json\" class=\"yoast-schema-graph\">{\"@context\":\"https:\\\/\\\/schema.org\",\"@graph\":[{\"@type\":\"WebPage\",\"@id\":\"https:\\\/\\\/aticoadf.es\\\/index.php\\\/administrador-de-fincas-colegiado-2\\\/\",\"url\":\"https:\\\/\\\/aticoadf.es\\\/index.php\\\/administrador-de-fincas-colegiado-2\\\/\",\"name\":\"Colegiado\",\"isPartOf\":{\"@id\":\"https:\\\/\\\/aticoadf.es\\\/#website\"},\"primaryImageOfPage\":{\"@id\":\"https:\\\/\\\/aticoadf.es\\\/index.php\\\/administrador-de-fincas-colegiado-2\\\/#primaryimage\"},\"image\":{\"@id\":\"https:\\\/\\\/aticoadf.es\\\/index.php\\\/administrador-de-fincas-colegiado-2\\\/#primaryimage\"},\"thumbnailUrl\":\"https:\\\/\\\/aticoadf.es\\\/wp-content\\\/uploads\\\/2024\\\/11\\\/imagen_logo_negativo.jpg\",\"datePublished\":\"2025-09-26T10:45:22+00:00\",\"dateModified\":\"2025-10-25T23:03:18+00:00\",\"breadcrumb\":{\"@id\":\"https:\\\/\\\/aticoadf.es\\\/index.php\\\/administrador-de-fincas-colegiado-2\\\/#breadcrumb\"},\"inLanguage\":\"es\",\"potentialAction\":[{\"@type\":\"ReadAction\",\"target\":[\"https:\\\/\\\/aticoadf.es\\\/index.php\\\/administrador-de-fincas-colegiado-2\\\/\"]}]},{\"@type\":\"ImageObject\",\"inLanguage\":\"es\",\"@id\":\"https:\\\/\\\/aticoadf.es\\\/index.php\\\/administrador-de-fincas-colegiado-2\\\/#primaryimage\",\"url\":\"https:\\\/\\\/aticoadf.es\\\/wp-content\\\/uploads\\\/2024\\\/11\\\/imagen_logo_negativo.jpg\",\"contentUrl\":\"https:\\\/\\\/aticoadf.es\\\/wp-content\\\/uploads\\\/2024\\\/11\\\/imagen_logo_negativo.jpg\",\"width\":2352,\"height\":1167,\"caption\":\"Administrador de fincas colegiado\"},{\"@type\":\"BreadcrumbList\",\"@id\":\"https:\\\/\\\/aticoadf.es\\\/index.php\\\/administrador-de-fincas-colegiado-2\\\/#breadcrumb\",\"itemListElement\":[{\"@type\":\"ListItem\",\"position\":1,\"name\":\"Portada\",\"item\":\"https:\\\/\\\/aticoadf.es\\\/\"},{\"@type\":\"ListItem\",\"position\":2,\"name\":\"Colegiado\"}]},{\"@type\":\"WebSite\",\"@id\":\"https:\\\/\\\/aticoadf.es\\\/#website\",\"url\":\"https:\\\/\\\/aticoadf.es\\\/\",\"name\":\"aticoadf.es\",\"description\":\"aticoadf\",\"publisher\":{\"@id\":\"https:\\\/\\\/aticoadf.es\\\/#organization\"},\"alternateName\":\"aticoadf\",\"potentialAction\":[{\"@type\":\"SearchAction\",\"target\":{\"@type\":\"EntryPoint\",\"urlTemplate\":\"https:\\\/\\\/aticoadf.es\\\/?s={search_term_string}\"},\"query-input\":{\"@type\":\"PropertyValueSpecification\",\"valueRequired\":true,\"valueName\":\"search_term_string\"}}],\"inLanguage\":\"es\"},{\"@type\":\"Organization\",\"@id\":\"https:\\\/\\\/aticoadf.es\\\/#organization\",\"name\":\"\u00c1tico administraci\u00f3n de fincas\",\"alternateName\":\"aticoadf\",\"url\":\"https:\\\/\\\/aticoadf.es\\\/\",\"logo\":{\"@type\":\"ImageObject\",\"inLanguage\":\"es\",\"@id\":\"https:\\\/\\\/aticoadf.es\\\/#\\\/schema\\\/logo\\\/image\\\/\",\"url\":\"https:\\\/\\\/aticoadf.es\\\/wp-content\\\/uploads\\\/2024\\\/10\\\/LOGO-ATICO-SIN-FONDO.png\",\"contentUrl\":\"https:\\\/\\\/aticoadf.es\\\/wp-content\\\/uploads\\\/2024\\\/10\\\/LOGO-ATICO-SIN-FONDO.png\",\"width\":224,\"height\":115,\"caption\":\"\u00c1tico administraci\u00f3n de fincas\"},\"image\":{\"@id\":\"https:\\\/\\\/aticoadf.es\\\/#\\\/schema\\\/logo\\\/image\\\/\"},\"sameAs\":[\"https:\\\/\\\/www.facebook.com\\\/aticoadf\",\"https:\\\/\\\/x.com\\\/aticoadf1\",\"https:\\\/\\\/www.linkedin.com\\\/company\\\/43295320\"]}]}<\/script>\n<!-- \/ Yoast SEO plugin. -->","yoast_head_json":{"title":"Colegiado","robots":{"index":"index","follow":"follow","max-snippet":"max-snippet:-1","max-image-preview":"max-image-preview:large","max-video-preview":"max-video-preview:-1"},"canonical":"https:\/\/aticoadf.es\/index.php\/administrador-de-fincas-colegiado-2\/","og_locale":"es_ES","og_type":"article","og_title":"Colegiado","og_description":"Colegiado COAFMU La formaci\u00f3n de un Administrador de Fincas Colegiado, sin\u00f3nimo de experiencia y compromiso. En \u00c1tico Administraci\u00f3n de Fincas creemos en la comunicaci\u00f3n abierta y fluida con nuestros clientes. Mantenemos una comunicaci\u00f3n constante y transparente, informando sobre cualquier asunto relevante y respondiendo a sus preguntas de manera oportuna. Si busca un servicio de administraci\u00f3n [&hellip;]","og_url":"https:\/\/aticoadf.es\/index.php\/administrador-de-fincas-colegiado-2\/","og_site_name":"\u00c1tico administraci\u00f3n de fincas","article_publisher":"https:\/\/www.facebook.com\/aticoadf","article_modified_time":"2025-10-25T23:03:18+00:00","og_image":[{"width":2352,"height":1167,"url":"https:\/\/aticoadf.es\/wp-content\/uploads\/2024\/11\/imagen_logo_negativo.jpg","type":"image\/jpeg"}],"twitter_card":"summary_large_image","twitter_site":"@aticoadf1","twitter_misc":{"Tiempo de lectura":"3 minutos"},"schema":{"@context":"https:\/\/schema.org","@graph":[{"@type":"WebPage","@id":"https:\/\/aticoadf.es\/index.php\/administrador-de-fincas-colegiado-2\/","url":"https:\/\/aticoadf.es\/index.php\/administrador-de-fincas-colegiado-2\/","name":"Colegiado","isPartOf":{"@id":"https:\/\/aticoadf.es\/#website"},"primaryImageOfPage":{"@id":"https:\/\/aticoadf.es\/index.php\/administrador-de-fincas-colegiado-2\/#primaryimage"},"image":{"@id":"https:\/\/aticoadf.es\/index.php\/administrador-de-fincas-colegiado-2\/#primaryimage"},"thumbnailUrl":"https:\/\/aticoadf.es\/wp-content\/uploads\/2024\/11\/imagen_logo_negativo.jpg","datePublished":"2025-09-26T10:45:22+00:00","dateModified":"2025-10-25T23:03:18+00:00","breadcrumb":{"@id":"https:\/\/aticoadf.es\/index.php\/administrador-de-fincas-colegiado-2\/#breadcrumb"},"inLanguage":"es","potentialAction":[{"@type":"ReadAction","target":["https:\/\/aticoadf.es\/index.php\/administrador-de-fincas-colegiado-2\/"]}]},{"@type":"ImageObject","inLanguage":"es","@id":"https:\/\/aticoadf.es\/index.php\/administrador-de-fincas-colegiado-2\/#primaryimage","url":"https:\/\/aticoadf.es\/wp-content\/uploads\/2024\/11\/imagen_logo_negativo.jpg","contentUrl":"https:\/\/aticoadf.es\/wp-content\/uploads\/2024\/11\/imagen_logo_negativo.jpg","width":2352,"height":1167,"caption":"Administrador de fincas colegiado"},{"@type":"BreadcrumbList","@id":"https:\/\/aticoadf.es\/index.php\/administrador-de-fincas-colegiado-2\/#breadcrumb","itemListElement":[{"@type":"ListItem","position":1,"name":"Portada","item":"https:\/\/aticoadf.es\/"},{"@type":"ListItem","position":2,"name":"Colegiado"}]},{"@type":"WebSite","@id":"https:\/\/aticoadf.es\/#website","url":"https:\/\/aticoadf.es\/","name":"aticoadf.es","description":"aticoadf","publisher":{"@id":"https:\/\/aticoadf.es\/#organization"},"alternateName":"aticoadf","potentialAction":[{"@type":"SearchAction","target":{"@type":"EntryPoint","urlTemplate":"https:\/\/aticoadf.es\/?s={search_term_string}"},"query-input":{"@type":"PropertyValueSpecification","valueRequired":true,"valueName":"search_term_string"}}],"inLanguage":"es"},{"@type":"Organization","@id":"https:\/\/aticoadf.es\/#organization","name":"\u00c1tico administraci\u00f3n de fincas","alternateName":"aticoadf","url":"https:\/\/aticoadf.es\/","logo":{"@type":"ImageObject","inLanguage":"es","@id":"https:\/\/aticoadf.es\/#\/schema\/logo\/image\/","url":"https:\/\/aticoadf.es\/wp-content\/uploads\/2024\/10\/LOGO-ATICO-SIN-FONDO.png","contentUrl":"https:\/\/aticoadf.es\/wp-content\/uploads\/2024\/10\/LOGO-ATICO-SIN-FONDO.png","width":224,"height":115,"caption":"\u00c1tico administraci\u00f3n de fincas"},"image":{"@id":"https:\/\/aticoadf.es\/#\/schema\/logo\/image\/"},"sameAs":["https:\/\/www.facebook.com\/aticoadf","https:\/\/x.com\/aticoadf1","https:\/\/www.linkedin.com\/company\/43295320"]}]}},"uagb_featured_image_src":{"full":["https:\/\/aticoadf.es\/wp-content\/uploads\/2024\/11\/imagen_logo_negativo.jpg",2352,1167,false],"thumbnail":["https:\/\/aticoadf.es\/wp-content\/uploads\/2024\/11\/imagen_logo_negativo-150x150.jpg",150,150,true],"medium":["https:\/\/aticoadf.es\/wp-content\/uploads\/2024\/11\/imagen_logo_negativo-300x149.jpg",300,149,true],"medium_large":["https:\/\/aticoadf.es\/wp-content\/uploads\/2024\/11\/imagen_logo_negativo-768x381.jpg",768,381,true],"large":["https:\/\/aticoadf.es\/wp-content\/uploads\/2024\/11\/imagen_logo_negativo-1024x508.jpg",1024,508,true],"1536x1536":["https:\/\/aticoadf.es\/wp-content\/uploads\/2024\/11\/imagen_logo_negativo-1536x762.jpg",1536,762,true],"2048x2048":["https:\/\/aticoadf.es\/wp-content\/uploads\/2024\/11\/imagen_logo_negativo-2048x1016.jpg",2048,1016,true]},"uagb_author_info":{"display_name":"aticoadf","author_link":"https:\/\/aticoadf.es\/index.php\/author\/aticoadf\/"},"uagb_comment_info":0,"uagb_excerpt":"Colegiado COAFMU La formaci\u00f3n de un Administrador de Fincas Colegiado, sin\u00f3nimo de experiencia y compromiso. En \u00c1tico Administraci\u00f3n de Fincas creemos en la comunicaci\u00f3n abierta y fluida con nuestros clientes. Mantenemos una comunicaci\u00f3n constante y transparente, informando sobre cualquier asunto relevante y respondiendo a sus preguntas de manera oportuna. Si busca un servicio de administraci\u00f3n&hellip;","_links":{"self":[{"href":"https:\/\/aticoadf.es\/index.php\/wp-json\/wp\/v2\/pages\/2332","targetHints":{"allow":["GET"]}}],"collection":[{"href":"https:\/\/aticoadf.es\/index.php\/wp-json\/wp\/v2\/pages"}],"about":[{"href":"https:\/\/aticoadf.es\/index.php\/wp-json\/wp\/v2\/types\/page"}],"author":[{"embeddable":true,"href":"https:\/\/aticoadf.es\/index.php\/wp-json\/wp\/v2\/users\/1"}],"replies":[{"embeddable":true,"href":"https:\/\/aticoadf.es\/index.php\/wp-json\/wp\/v2\/comments?post=2332"}],"version-history":[{"count":27,"href":"https:\/\/aticoadf.es\/index.php\/wp-json\/wp\/v2\/pages\/2332\/revisions"}],"predecessor-version":[{"id":2598,"href":"https:\/\/aticoadf.es\/index.php\/wp-json\/wp\/v2\/pages\/2332\/revisions\/2598"}],"wp:featuredmedia":[{"embeddable":true,"href":"https:\/\/aticoadf.es\/index.php\/wp-json\/wp\/v2\/media\/831"}],"wp:attachment":[{"href":"https:\/\/aticoadf.es\/index.php\/wp-json\/wp\/v2\/media?parent=2332"}],"curies":[{"name":"wp","href":"https:\/\/api.w.org\/{rel}","templated":true}]}}